{"id":278,"date":"2018-05-01T16:01:20","date_gmt":"2018-05-01T16:01:20","guid":{"rendered":"http:\/\/solonick.webredox.net\/?page_id=278"},"modified":"2024-11-14T20:40:19","modified_gmt":"2024-11-14T19:40:19","slug":"contact","status":"publish","type":"page","link":"https:\/\/booth.pixsenses.com\/index.php\/contact\/","title":{"rendered":"Contact"},"content":{"rendered":"[vc_row opt_title_sec=&#8221;st2&#8243; solonick_title=&#8221;Coordonn\u00e9es`{`span`}`\/\/`{`\/span`}`&#8221;][vc_column][vc_row_inner][vc_column_inner width=&#8221;1\/4&#8243;]<div class=\"fl-wrap  mar-bottom  \"><div class=\"pr-title fl-wrap\"><h3>Coordonn\u00e9es<\/h3><\/div><\/div>[\/vc_column_inner][vc_column_inner width=&#8221;1\/3&#8243;]<div class=\"main-about  \"><div class=\"features-box-container class-feature-1 fl-wrap\"><div class=\"row features-box\"><div class=\"time-line-icon\">\n                  <i class=\"fal fa-mobile-android\"><\/i>\n                  <\/div><h3>T\u00e9l\u00e9phone<\/h3><p><a href=\"tel:4503325540\">(450) 332-5540<\/a> <\/p><\/div><\/div><\/div><style>.class-feature-1 .time-line-icon i:after{background: url(https:\/\/booth.pixsenses.com\/wp-content\/uploads\/2021\/11\/bg_icon.png) no-repeat center;}<\/style>[\/vc_column_inner][vc_column_inner width=&#8221;1\/3&#8243;]<div class=\"main-about  \"><div class=\"features-box-container class-feature-1 fl-wrap\"><div class=\"row features-box\"><div class=\"time-line-icon\">\n                  <i class=\"fal fa-envelope-open\"><\/i>\n                  <\/div><h3>Adresse courriel<\/h3><p><a href=\"mailto:info@pixsenses.com\">info@pixsenses.com<\/a> <\/p><\/div><\/div><\/div><style>.class-feature-1 .time-line-icon i:after{background: url(https:\/\/booth.pixsenses.com\/wp-content\/uploads\/2021\/11\/bg_icon.png) no-repeat center;}<\/style>[\/vc_column_inner][\/vc_row_inner][vc_row_inner][vc_column_inner width=&#8221;3\/12&#8243;]<div class=\"fl-wrap  mar-bottom  \"><div class=\"pr-title fl-wrap\"><h3>Contactez-nous<\/h3><\/div><\/div>[\/vc_column_inner][vc_column_inner width=&#8221;7\/12&#8243;]\n<div class=\"wpcf7 no-js\" id=\"wpcf7-f7-o1\" lang=\"fr-FR\" dir=\"ltr\" data-wpcf7-id=\"7\">\n<div class=\"screen-reader-response\"><p role=\"status\" aria-live=\"polite\" aria-atomic=\"true\"><\/p> <ul><\/ul><\/div>\n<form action=\"\/index.php\/wp-json\/wp\/v2\/pages\/278#wpcf7-f7-o1\" method=\"post\" class=\"wpcf7-form init\" aria-label=\"Formulaire de contact\" novalidate=\"novalidate\" data-status=\"init\">\n<div style=\"display: none;\">\n<input type=\"hidden\" name=\"_wpcf7\" value=\"7\" \/>\n<input type=\"hidden\" name=\"_wpcf7_version\" value=\"6.0.6\" \/>\n<input type=\"hidden\" name=\"_wpcf7_locale\" value=\"fr_FR\" \/>\n<input type=\"hidden\" name=\"_wpcf7_unit_tag\" value=\"wpcf7-f7-o1\" \/>\n<input type=\"hidden\" name=\"_wpcf7_container_post\" value=\"0\" \/>\n<input type=\"hidden\" name=\"_wpcf7_posted_data_hash\" value=\"\" \/>\n<\/div>\n<p><label> Votre nom<br \/>\n<span class=\"wpcf7-form-control-wrap\" data-name=\"your-name\"><input size=\"40\" maxlength=\"400\" class=\"wpcf7-form-control wpcf7-text wpcf7-validates-as-required\" aria-required=\"true\" aria-invalid=\"false\" value=\"\" type=\"text\" name=\"your-name\" \/><\/span> <\/label>\n<\/p>\n<p><label> Votre e-mail<br \/>\n<span class=\"wpcf7-form-control-wrap\" data-name=\"your-email\"><input size=\"40\" maxlength=\"400\" class=\"wpcf7-form-control wpcf7-email wpcf7-validates-as-required wpcf7-text wpcf7-validates-as-email\" aria-required=\"true\" aria-invalid=\"false\" value=\"\" type=\"email\" name=\"your-email\" \/><\/span> <\/label>\n<\/p>\n<p><label> Objet<br \/>\n<span class=\"wpcf7-form-control-wrap\" data-name=\"your-subject\"><input size=\"40\" maxlength=\"400\" class=\"wpcf7-form-control wpcf7-text wpcf7-validates-as-required\" aria-required=\"true\" aria-invalid=\"false\" value=\"\" type=\"text\" name=\"your-subject\" \/><\/span> <\/label>\n<\/p>\n<p><label> Votre message<br \/>\n<span class=\"wpcf7-form-control-wrap\" data-name=\"your-message\"><textarea cols=\"40\" rows=\"10\" maxlength=\"2000\" class=\"wpcf7-form-control wpcf7-textarea\" aria-invalid=\"false\" name=\"your-message\"><\/textarea><\/span> <\/label>\n<\/p>\n<p><input class=\"wpcf7-form-control wpcf7-submit has-spinner\" type=\"submit\" value=\"Envoyer\" \/>\n<\/p><div class=\"wpcf7-response-output\" aria-hidden=\"true\"><\/div>\n<\/form>\n<\/div>\n[\/vc_column_inner][\/vc_row_inner][\/vc_column][\/vc_row]\n","protected":false},"excerpt":{"rendered":"<p>[vc_row opt_title_sec=&#8221;st2&#8243; solonick_title=&#8221;Coordonn\u00e9es`{`span`}`\/\/`{`\/span`}`&#8221;][vc_column][vc_row_inner][vc_column_inner width=&#8221;1\/4&#8243;][\/vc_column_inner][vc_column_inner width=&#8221;1\/3&#8243;][\/vc_column_inner][vc_column_inner width=&#8221;1\/3&#8243;][\/vc_column_inner][\/vc_row_inner][vc_row_inner][vc_column_inner width=&#8221;3\/12&#8243;][\/vc_column_inner][vc_column_inner width=&#8221;7\/12&#8243;][\/vc_column_inner][\/vc_row_inner][\/vc_column][\/vc_row]<\/p>\n","protected":false},"author":1,"featured_media":1012,"parent":0,"menu_order":0,"comment_status":"closed","ping_status":"closed","template":"","meta":{"ngg_post_thumbnail":0,"footnotes":""},"class_list":["post-278","page","type-page","status-publish","has-post-thumbnail","hentry"],"yoast_head":"<!-- This site is optimized with the Yoast SEO plugin v24.9 - https:\/\/yoast.com\/wordpress\/plugins\/seo\/ -->\n<title>Contact - PixBooth : contactez-nous pour trouver le photobooth id\u00e9al<\/title>\n<meta name=\"description\" content=\"Nous vous conseillerons afin de choisir le PixBooth qui conviendra aux besoins de votre \u00e9v\u00e9nement. Contactez-nous pour en savoir davantage !\" \/>\n<meta name=\"robots\" content=\"index, follow, max-snippet:-1, max-image-preview:large, max-video-preview:-1\" \/>\n<link rel=\"canonical\" href=\"https:\/\/booth.pixsenses.com\/index.php\/contact\/\" \/>\n<meta property=\"og:locale\" content=\"en_US\" \/>\n<meta property=\"og:type\" content=\"article\" \/>\n<meta property=\"og:title\" content=\"Contact - PixBooth : contactez-nous pour trouver le photobooth id\u00e9al\" \/>\n<meta property=\"og:description\" content=\"Nous vous conseillerons afin de choisir le PixBooth qui conviendra aux besoins de votre \u00e9v\u00e9nement. Contactez-nous pour en savoir davantage !\" \/>\n<meta property=\"og:url\" content=\"https:\/\/booth.pixsenses.com\/index.php\/contact\/\" \/>\n<meta property=\"og:site_name\" content=\"PixBooth\" \/>\n<meta property=\"article:modified_time\" content=\"2024-11-14T19:40:19+00:00\" \/>\n<meta property=\"og:image\" content=\"https:\/\/booth.pixsenses.com\/wp-content\/uploads\/2022\/01\/header_contact.gif\" \/>\n\t<meta property=\"og:image:width\" content=\"900\" \/>\n\t<meta property=\"og:image:height\" content=\"600\" \/>\n\t<meta property=\"og:image:type\" content=\"image\/gif\" \/>\n<meta name=\"twitter:card\" content=\"summary_large_image\" \/>\n<meta name=\"twitter:label1\" content=\"Est. reading time\" \/>\n\t<meta name=\"twitter:data1\" content=\"1 minute\" \/>\n<script type=\"application\/ld+json\" class=\"yoast-schema-graph\">{\"@context\":\"https:\/\/schema.org\",\"@graph\":[{\"@type\":\"WebPage\",\"@id\":\"https:\/\/booth.pixsenses.com\/index.php\/contact\/\",\"url\":\"https:\/\/booth.pixsenses.com\/index.php\/contact\/\",\"name\":\"Contact - PixBooth : contactez-nous pour trouver le photobooth id\u00e9al\",\"isPartOf\":{\"@id\":\"https:\/\/booth.pixsenses.com\/#website\"},\"primaryImageOfPage\":{\"@id\":\"https:\/\/booth.pixsenses.com\/index.php\/contact\/#primaryimage\"},\"image\":{\"@id\":\"https:\/\/booth.pixsenses.com\/index.php\/contact\/#primaryimage\"},\"thumbnailUrl\":\"https:\/\/booth.pixsenses.com\/wp-content\/uploads\/2022\/01\/header_contact.gif\",\"datePublished\":\"2018-05-01T16:01:20+00:00\",\"dateModified\":\"2024-11-14T19:40:19+00:00\",\"description\":\"Nous vous conseillerons afin de choisir le PixBooth qui conviendra aux besoins de votre \u00e9v\u00e9nement. Contactez-nous pour en savoir davantage !\",\"breadcrumb\":{\"@id\":\"https:\/\/booth.pixsenses.com\/index.php\/contact\/#breadcrumb\"},\"inLanguage\":\"en-US\",\"potentialAction\":[{\"@type\":\"ReadAction\",\"target\":[\"https:\/\/booth.pixsenses.com\/index.php\/contact\/\"]}]},{\"@type\":\"ImageObject\",\"inLanguage\":\"en-US\",\"@id\":\"https:\/\/booth.pixsenses.com\/index.php\/contact\/#primaryimage\",\"url\":\"https:\/\/booth.pixsenses.com\/wp-content\/uploads\/2022\/01\/header_contact.gif\",\"contentUrl\":\"https:\/\/booth.pixsenses.com\/wp-content\/uploads\/2022\/01\/header_contact.gif\",\"width\":1000,\"height\":667,\"caption\":\"Photo d'equipe\"},{\"@type\":\"BreadcrumbList\",\"@id\":\"https:\/\/booth.pixsenses.com\/index.php\/contact\/#breadcrumb\",\"itemListElement\":[{\"@type\":\"ListItem\",\"position\":1,\"name\":\"Home\",\"item\":\"https:\/\/booth.pixsenses.com\/\"},{\"@type\":\"ListItem\",\"position\":2,\"name\":\"Contact\"}]},{\"@type\":\"WebSite\",\"@id\":\"https:\/\/booth.pixsenses.com\/#website\",\"url\":\"https:\/\/booth.pixsenses.com\/\",\"name\":\"PixBooth\",\"description\":\"\",\"potentialAction\":[{\"@type\":\"SearchAction\",\"target\":{\"@type\":\"EntryPoint\",\"urlTemplate\":\"https:\/\/booth.pixsenses.com\/?s={search_term_string}\"},\"query-input\":{\"@type\":\"PropertyValueSpecification\",\"valueRequired\":true,\"valueName\":\"search_term_string\"}}],\"inLanguage\":\"en-US\"}]}<\/script>\n<!-- \/ Yoast SEO plugin. -->","yoast_head_json":{"title":"Contact - PixBooth : contactez-nous pour trouver le photobooth id\u00e9al","description":"Nous vous conseillerons afin de choisir le PixBooth qui conviendra aux besoins de votre \u00e9v\u00e9nement. Contactez-nous pour en savoir davantage !","robots":{"index":"index","follow":"follow","max-snippet":"max-snippet:-1","max-image-preview":"max-image-preview:large","max-video-preview":"max-video-preview:-1"},"canonical":"https:\/\/booth.pixsenses.com\/index.php\/contact\/","og_locale":"en_US","og_type":"article","og_title":"Contact - PixBooth : contactez-nous pour trouver le photobooth id\u00e9al","og_description":"Nous vous conseillerons afin de choisir le PixBooth qui conviendra aux besoins de votre \u00e9v\u00e9nement. Contactez-nous pour en savoir davantage !","og_url":"https:\/\/booth.pixsenses.com\/index.php\/contact\/","og_site_name":"PixBooth","article_modified_time":"2024-11-14T19:40:19+00:00","og_image":[{"url":"https:\/\/booth.pixsenses.com\/wp-content\/uploads\/2022\/01\/header_contact.gif","width":900,"height":600,"type":"image\/gif"}],"twitter_card":"summary_large_image","twitter_misc":{"Est. reading time":"1 minute"},"schema":{"@context":"https:\/\/schema.org","@graph":[{"@type":"WebPage","@id":"https:\/\/booth.pixsenses.com\/index.php\/contact\/","url":"https:\/\/booth.pixsenses.com\/index.php\/contact\/","name":"Contact - PixBooth : contactez-nous pour trouver le photobooth id\u00e9al","isPartOf":{"@id":"https:\/\/booth.pixsenses.com\/#website"},"primaryImageOfPage":{"@id":"https:\/\/booth.pixsenses.com\/index.php\/contact\/#primaryimage"},"image":{"@id":"https:\/\/booth.pixsenses.com\/index.php\/contact\/#primaryimage"},"thumbnailUrl":"https:\/\/booth.pixsenses.com\/wp-content\/uploads\/2022\/01\/header_contact.gif","datePublished":"2018-05-01T16:01:20+00:00","dateModified":"2024-11-14T19:40:19+00:00","description":"Nous vous conseillerons afin de choisir le PixBooth qui conviendra aux besoins de votre \u00e9v\u00e9nement. Contactez-nous pour en savoir davantage !","breadcrumb":{"@id":"https:\/\/booth.pixsenses.com\/index.php\/contact\/#breadcrumb"},"inLanguage":"en-US","potentialAction":[{"@type":"ReadAction","target":["https:\/\/booth.pixsenses.com\/index.php\/contact\/"]}]},{"@type":"ImageObject","inLanguage":"en-US","@id":"https:\/\/booth.pixsenses.com\/index.php\/contact\/#primaryimage","url":"https:\/\/booth.pixsenses.com\/wp-content\/uploads\/2022\/01\/header_contact.gif","contentUrl":"https:\/\/booth.pixsenses.com\/wp-content\/uploads\/2022\/01\/header_contact.gif","width":1000,"height":667,"caption":"Photo d'equipe"},{"@type":"BreadcrumbList","@id":"https:\/\/booth.pixsenses.com\/index.php\/contact\/#breadcrumb","itemListElement":[{"@type":"ListItem","position":1,"name":"Home","item":"https:\/\/booth.pixsenses.com\/"},{"@type":"ListItem","position":2,"name":"Contact"}]},{"@type":"WebSite","@id":"https:\/\/booth.pixsenses.com\/#website","url":"https:\/\/booth.pixsenses.com\/","name":"PixBooth","description":"","potentialAction":[{"@type":"SearchAction","target":{"@type":"EntryPoint","urlTemplate":"https:\/\/booth.pixsenses.com\/?s={search_term_string}"},"query-input":{"@type":"PropertyValueSpecification","valueRequired":true,"valueName":"search_term_string"}}],"inLanguage":"en-US"}]}},"_links":{"self":[{"href":"https:\/\/booth.pixsenses.com\/index.php\/wp-json\/wp\/v2\/pages\/278","targetHints":{"allow":["GET"]}}],"collection":[{"href":"https:\/\/booth.pixsenses.com\/index.php\/wp-json\/wp\/v2\/pages"}],"about":[{"href":"https:\/\/booth.pixsenses.com\/index.php\/wp-json\/wp\/v2\/types\/page"}],"author":[{"embeddable":true,"href":"https:\/\/booth.pixsenses.com\/index.php\/wp-json\/wp\/v2\/users\/1"}],"replies":[{"embeddable":true,"href":"https:\/\/booth.pixsenses.com\/index.php\/wp-json\/wp\/v2\/comments?post=278"}],"version-history":[{"count":14,"href":"https:\/\/booth.pixsenses.com\/index.php\/wp-json\/wp\/v2\/pages\/278\/revisions"}],"predecessor-version":[{"id":1056,"href":"https:\/\/booth.pixsenses.com\/index.php\/wp-json\/wp\/v2\/pages\/278\/revisions\/1056"}],"wp:featuredmedia":[{"embeddable":true,"href":"https:\/\/booth.pixsenses.com\/index.php\/wp-json\/wp\/v2\/media\/1012"}],"wp:attachment":[{"href":"https:\/\/booth.pixsenses.com\/index.php\/wp-json\/wp\/v2\/media?parent=278"}],"curies":[{"name":"wp","href":"https:\/\/api.w.org\/{rel}","templated":true}]}}